{"id":104,"date":"2020-01-16T13:34:18","date_gmt":"2020-01-16T13:34:18","guid":{"rendered":"http:\/\/wordpress.feuerwehr-hammah.de\/?page_id=104"},"modified":"2023-01-14T15:30:49","modified_gmt":"2023-01-14T14:30:49","slug":"lf-10-6","status":"publish","type":"page","link":"https:\/\/feuerwehr-hammah.de\/?page_id=104","title":{"rendered":"LF 10\/6"},"content":{"rendered":"\n<figure class=\"wp-block-table\"><table><tbody><tr><td>Fahrzeugtyp<a href=\"https:\/\/feuerwehr-hammah.de\/images\/images\/fahrzeug\/lfneu\/Links.jpg\"><\/a><\/td><td>LF 10\/6 Allrad &#8211; DIN 14530<\/td><\/tr><tr><td>Funkrufname<\/td><td>Florian Stade 35-45-6<\/td><\/tr><tr><td>Fahrgestell<\/td><td>Mercedes Benz &#8211; Atego<\/td><\/tr><tr><td>Aufbau<\/td><td><a href=\"http:\/\/www.schlingmann112.de\/de\/startseite\" target=\"_blank\" rel=\"noreferrer noopener\">Schlingmann<\/a><\/td><\/tr><tr><td>Baujahr<\/td><td>2007<\/td><\/tr><tr><td>Besatzung<\/td><td>1\/8<\/td><\/tr><tr><td><strong>Daten:<\/strong><br>Gesamth\u00f6he : 3300mm<br>Gesamtbreite: 2500mm<br>Gesamtmasse: 11000 kg<br>Leistung:180 PS<\/td><\/tr><\/tbody><\/table><\/figure>\n\n\n\n<h3 class=\"wp-block-heading\">Ger\u00e4teraum 1<\/h3>\n\n\n\n<figure class=\"wp-block-table\"><table><tbody><tr><td><br><a href=\"https:\/\/www.magirusgroup.com\/de\/de\/produkte\/komponenten-systeme\/\" target=\"_blank\" rel=\"noreferrer noopener\">TS 10-1000 Iveco Magirus Fire<\/a><br><br>Krankentrage (klappbar)<br><br>2 Feuerwehr\u00e4xte<\/td><td class=\"has-text-align-center\" data-align=\"center\"><img loading=\"lazy\" decoding=\"async\" width=\"150\" height=\"265\" class=\"wp-image-248\" style=\"width: 150px;\" src=\"https:\/\/feuerwehr-hammah.de\/wp-content\/uploads\/2023\/01\/G1.jpg\" alt=\"\" srcset=\"https:\/\/feuerwehr-hammah.de\/wp-content\/uploads\/2023\/01\/G1.jpg 398w, https:\/\/feuerwehr-hammah.de\/wp-content\/uploads\/2023\/01\/G1-170x300.jpg 170w\" sizes=\"auto, (max-width: 150px) 100vw, 150px\" \/><a href=\"https:\/\/feuerwehr-hammah.de\/images\/images\/fahrzeug\/lfneu\/G1.jpg\"><\/a><\/td><\/tr><\/tbody><\/table><\/figure>\n\n\n\n<h3 class=\"wp-block-heading\">Ger\u00e4teraum 2<\/h3>\n\n\n\n<figure class=\"wp-block-table\"><table><tbody><tr><td>Flutlichttr\u00e4ger mit 2 x 1000 W Strahlern<br><br>2 Stative<br><br>2 Kabeltrommeln 230 V<br><br>Kanister 5 Liter<br><br>Abzweigst\u00fcck<br><br>Motorkettens\u00e4ge<br><br>Kombikanister<br><br>Schnittschutz<br><br>Schutzhelm&nbsp;<\/td><td class=\"has-text-align-center\" data-align=\"center\"><img loading=\"lazy\" decoding=\"async\" width=\"250\" height=\"492\" class=\"wp-image-250\" style=\"width: 250px;\" src=\"https:\/\/feuerwehr-hammah.de\/wp-content\/uploads\/2023\/01\/G2.jpg\" alt=\"\" srcset=\"https:\/\/feuerwehr-hammah.de\/wp-content\/uploads\/2023\/01\/G2.jpg 320w, https:\/\/feuerwehr-hammah.de\/wp-content\/uploads\/2023\/01\/G2-152x300.jpg 152w\" sizes=\"auto, (max-width: 250px) 100vw, 250px\" \/><a href=\"https:\/\/feuerwehr-hammah.de\/images\/images\/fahrzeug\/lfneu\/G2.jpg\"><\/a><\/td><\/tr><\/tbody><\/table><\/figure>\n\n\n\n<h3 class=\"wp-block-heading\">Ger\u00e4teraum 3<\/h3>\n\n\n\n<figure class=\"wp-block-table\"><table><tbody><tr><td>2 Pressluftatmer<br><br>2 Atemanschl\u00fcsse<br><br>Pulverl\u00f6scher<br><br>CO2-L\u00f6scher<br><br>K\u00fcbelspritze<br><br>4 PA-Ersatzflaschen&nbsp;<\/td><td class=\"has-text-align-center\" data-align=\"center\"><img loading=\"lazy\" decoding=\"async\" width=\"250\" height=\"308\" class=\"wp-image-251\" style=\"width: 250px;\" src=\"https:\/\/feuerwehr-hammah.de\/wp-content\/uploads\/2023\/01\/G3.jpg\" alt=\"\" srcset=\"https:\/\/feuerwehr-hammah.de\/wp-content\/uploads\/2023\/01\/G3.jpg 396w, https:\/\/feuerwehr-hammah.de\/wp-content\/uploads\/2023\/01\/G3-243x300.jpg 243w\" sizes=\"auto, (max-width: 250px) 100vw, 250px\" \/><a href=\"https:\/\/feuerwehr-hammah.de\/images\/images\/fahrzeug\/lfneu\/G3.jpg\"><\/a><\/td><\/tr><\/tbody><\/table><\/figure>\n\n\n\n<h3 class=\"wp-block-heading\">Ger\u00e4teraum 4<\/h3>\n\n\n\n<figure class=\"wp-block-table\"><table><tbody><tr><td>4 Strahlrohre C<br><br>Strahlrohr D<br><br>Strahlrohr B<br><br>St\u00fctzkr\u00fcmmer<br><br>3 Seilschlauchhalter<br><br>Standrohr<br><br>\u00dcberflurhydrantenschl\u00fcssel<br><br>2 Schachthaken<br><br>4 Schaummittelbeh\u00e4lter<br><br>Schaumrohr S4<br><br>Schaumrohr M4<br><br>Zumischer<br><br>Ansaugschlauch D<\/td><td class=\"has-text-align-center\" data-align=\"center\"><img loading=\"lazy\" decoding=\"async\" width=\"250\" height=\"318\" class=\"wp-image-253\" style=\"width: 250px;\" src=\"https:\/\/feuerwehr-hammah.de\/wp-content\/uploads\/2023\/01\/G4.jpg\" alt=\"\" srcset=\"https:\/\/feuerwehr-hammah.de\/wp-content\/uploads\/2023\/01\/G4.jpg 439w, https:\/\/feuerwehr-hammah.de\/wp-content\/uploads\/2023\/01\/G4-236x300.jpg 236w\" sizes=\"auto, (max-width: 250px) 100vw, 250px\" \/><a href=\"https:\/\/feuerwehr-hammah.de\/images\/images\/fahrzeug\/lfneu\/G4.jpg\"><\/a><\/td><\/tr><\/tbody><\/table><\/figure>\n\n\n\n<h3 class=\"wp-block-heading\">Ger\u00e4teraum 5<\/h3>\n\n\n\n<figure class=\"wp-block-table\"><table><tbody><tr><td>6 B-Druckschl\u00e4uche<br><br>4 Schlauchtragek\u00f6rbe<br>(Inhalt je 3 C-Druckschl\u00e4uche)<br><br>Saugschutzkorb<br><br>Mulde<br><br>2 \u00dcbergangsst\u00fccke B-C<br><br>Im Traversenkasten:&nbsp;Tauchpumpe<br><br>Elektro-Tauchpumpe<\/td><td class=\"has-text-align-center\" data-align=\"center\"><img loading=\"lazy\" decoding=\"async\" width=\"250\" height=\"341\" class=\"wp-image-254\" style=\"width: 250px;\" src=\"https:\/\/feuerwehr-hammah.de\/wp-content\/uploads\/2023\/01\/G5.jpg\" alt=\"\" srcset=\"https:\/\/feuerwehr-hammah.de\/wp-content\/uploads\/2023\/01\/G5.jpg 404w, https:\/\/feuerwehr-hammah.de\/wp-content\/uploads\/2023\/01\/G5-220x300.jpg 220w\" sizes=\"auto, (max-width: 250px) 100vw, 250px\" \/><a href=\"https:\/\/feuerwehr-hammah.de\/images\/images\/fahrzeug\/lfneu\/G5.jpg\"><\/a><\/td><\/tr><\/tbody><\/table><\/figure>\n\n\n\n<h3 class=\"wp-block-heading\">Ger\u00e4teraum 6<\/h3>\n\n\n\n<figure class=\"wp-block-table\"><table><tbody><tr><td>Druckschlauch DN 25 \/ 50m<br><br>Hohlstrahlrohr C<br><br>8 B-Druckschl\u00e4uche<br><br>Mittelschaumpistole<br><br>2 Schaummittelbeh\u00e4lter 2 Liter<br><br>Im Traversenkasten:&nbsp;Verteiler<br><br>C-Druckschlauch&nbsp;<\/td><td class=\"has-text-align-center\" data-align=\"center\"><a href=\"https:\/\/feuerwehr-hammah.de\/images\/images\/fahrzeug\/lfneu\/G6.jpg\"><\/a><img loading=\"lazy\" decoding=\"async\" width=\"150\" height=\"201\" class=\"wp-image-255\" style=\"width: 150px;\" src=\"https:\/\/feuerwehr-hammah.de\/wp-content\/uploads\/2023\/01\/G6.jpg\" alt=\"\" srcset=\"https:\/\/feuerwehr-hammah.de\/wp-content\/uploads\/2023\/01\/G6.jpg 479w, https:\/\/feuerwehr-hammah.de\/wp-content\/uploads\/2023\/01\/G6-223x300.jpg 223w\" sizes=\"auto, (max-width: 150px) 100vw, 150px\" \/><br><br><img loading=\"lazy\" decoding=\"async\" width=\"150\" height=\"113\" class=\"wp-image-259\" style=\"width: 150px;\" src=\"https:\/\/feuerwehr-hammah.de\/wp-content\/uploads\/2023\/01\/Travr.jpg\" alt=\"\" srcset=\"https:\/\/feuerwehr-hammah.de\/wp-content\/uploads\/2023\/01\/Travr.jpg 800w, https:\/\/feuerwehr-hammah.de\/wp-content\/uploads\/2023\/01\/Travr-300x225.jpg 300w, https:\/\/feuerwehr-hammah.de\/wp-content\/uploads\/2023\/01\/Travr-768x576.jpg 768w\" sizes=\"auto, (max-width: 150px) 100vw, 150px\" \/><br><a href=\"https:\/\/feuerwehr-hammah.de\/images\/images\/fahrzeug\/lfneu\/Travr.jpg\"><\/a><\/td><\/tr><\/tbody><\/table><\/figure>\n\n\n\n<h3 class=\"wp-block-heading\">Ger\u00e4teraum GR<\/h3>\n\n\n\n<figure class=\"wp-block-table\"><table><tbody><tr><td>6 Saugschl\u00e4uche<br><br>Saugkorb<br><br>B-Druckschlauch 5m<br><br>Sammelst\u00fcck<br><br>\u00dcbergangsst\u00fcck A-B<br><br>2 Arbeitsleinen<br><br>3 Kupplungsschl\u00fcssel<br><br>Kurbel f\u00fcr<br>Schnellangriffs-Haspel<\/td><td class=\"has-text-align-center\" data-align=\"center\"><img loading=\"lazy\" decoding=\"async\" width=\"250\" height=\"306\" class=\"wp-image-256\" style=\"width: 250px;\" src=\"https:\/\/feuerwehr-hammah.de\/wp-content\/uploads\/2023\/01\/GR.jpg\" alt=\"\" srcset=\"https:\/\/feuerwehr-hammah.de\/wp-content\/uploads\/2023\/01\/GR.jpg 582w, https:\/\/feuerwehr-hammah.de\/wp-content\/uploads\/2023\/01\/GR-245x300.jpg 245w\" sizes=\"auto, (max-width: 250px) 100vw, 250px\" \/><a href=\"https:\/\/feuerwehr-hammah.de\/images\/images\/fahrzeug\/lfneu\/GR.jpg\"><\/a><\/td><\/tr><\/tbody><\/table><\/figure>\n\n\n\n<h3 class=\"wp-block-heading\">Fahrerraum<\/h3>\n\n\n\n<figure class=\"wp-block-table\"><table><tbody><tr><td>4 tragbare 2m Band<br>Sprechfunkger\u00e4te<br><br>1 fest installiertes<br>2m Band Sprechfunkger\u00e4t<br><br>Warnleuchte<br><br>Winkerkelle<\/td><td><a href=\"https:\/\/feuerwehr-hammah.de\/images\/images\/fahrzeug\/lfneu\/Fahrer.jpg\"><\/a><img loading=\"lazy\" decoding=\"async\" width=\"150\" height=\"200\" class=\"wp-image-257\" style=\"width: 150px;\" src=\"https:\/\/feuerwehr-hammah.de\/wp-content\/uploads\/2023\/01\/Fahrer.jpg\" alt=\"\" srcset=\"https:\/\/feuerwehr-hammah.de\/wp-content\/uploads\/2023\/01\/Fahrer.jpg 510w, https:\/\/feuerwehr-hammah.de\/wp-content\/uploads\/2023\/01\/Fahrer-225x300.jpg 225w\" sizes=\"auto, (max-width: 150px) 100vw, 150px\" \/><br><br><img loading=\"lazy\" decoding=\"async\" width=\"150\" height=\"200\" class=\"wp-image-258\" style=\"width: 150px;\" src=\"https:\/\/feuerwehr-hammah.de\/wp-content\/uploads\/2023\/01\/Beif.jpg\" alt=\"\" srcset=\"https:\/\/feuerwehr-hammah.de\/wp-content\/uploads\/2023\/01\/Beif.jpg 510w, https:\/\/feuerwehr-hammah.de\/wp-content\/uploads\/2023\/01\/Beif-225x300.jpg 225w\" sizes=\"auto, (max-width: 150px) 100vw, 150px\" \/><br><a href=\"https:\/\/feuerwehr-hammah.de\/images\/images\/fahrzeug\/lfneu\/Beif.jpg\"><\/a><\/td><\/tr><\/tbody><\/table><\/figure>\n\n\n\n<h3 class=\"wp-block-heading\">Mannschaftsraum<\/h3>\n\n\n\n<figure class=\"wp-block-table\"><table><tbody><tr><td>2 Pressluftatmer<br>2 Atemanschl\u00fcsse<br>9 Kombifilter<br>4 Feuerwehrleinen<br>4 Handscheinwerfer<br>2 Warndreiecke<br>4 Faltsignale<br>B\u00fcgels\u00e4ge<br>Brechstange<br>Werkzeug<br>Verbandkasten<br>2 Decken<br>4 Verkehrswarnleuchten<br>4 Verkehrsleitkegel<br>Sch\u00e4kel &amp; Bindestr\u00e4nge<\/td><td><img loading=\"lazy\" decoding=\"async\" width=\"250\" height=\"333\" class=\"wp-image-260\" style=\"width: 250px;\" src=\"https:\/\/feuerwehr-hammah.de\/wp-content\/uploads\/2023\/01\/MR.jpg\" alt=\"\" srcset=\"https:\/\/feuerwehr-hammah.de\/wp-content\/uploads\/2023\/01\/MR.jpg 510w, https:\/\/feuerwehr-hammah.de\/wp-content\/uploads\/2023\/01\/MR-225x300.jpg 225w\" sizes=\"auto, (max-width: 250px) 100vw, 250px\" \/><a href=\"https:\/\/feuerwehr-hammah.de\/images\/images\/fahrzeug\/lfneu\/MR.jpg\"><\/a><\/td><\/tr><\/tbody><\/table><\/figure>\n\n\n\n<h3 class=\"wp-block-heading\">Dach<\/h3>\n\n\n\n<figure class=\"wp-block-table\"><table><tbody><tr><td>Besen &amp; Schaufeln<br><br>2 Schlauchbr\u00fccken<br><br>Feuerpatschen<br><br>4 tlg. Steckleiter<br><br>Einrei\u00dfhaken<br><br>Lichtmast mit<br>2x 1000 W Strahlern&nbsp;<\/td><td><a href=\"https:\/\/feuerwehr-hammah.de\/images\/images\/fahrzeug\/lfneu\/Dach.jpg\"><\/a><img loading=\"lazy\" decoding=\"async\" width=\"150\" height=\"200\" class=\"wp-image-261\" style=\"width: 150px;\" src=\"https:\/\/feuerwehr-hammah.de\/wp-content\/uploads\/2023\/01\/Dach.jpg\" alt=\"\" srcset=\"https:\/\/feuerwehr-hammah.de\/wp-content\/uploads\/2023\/01\/Dach.jpg 510w, https:\/\/feuerwehr-hammah.de\/wp-content\/uploads\/2023\/01\/Dach-225x300.jpg 225w\" sizes=\"auto, (max-width: 150px) 100vw, 150px\" \/><br><br><img loading=\"lazy\" decoding=\"async\" width=\"150\" height=\"200\" class=\"wp-image-262\" style=\"width: 150px;\" src=\"https:\/\/feuerwehr-hammah.de\/wp-content\/uploads\/2023\/01\/Dach2.jpg\" alt=\"\" srcset=\"https:\/\/feuerwehr-hammah.de\/wp-content\/uploads\/2023\/01\/Dach2.jpg 510w, https:\/\/feuerwehr-hammah.de\/wp-content\/uploads\/2023\/01\/Dach2-225x300.jpg 225w\" sizes=\"auto, (max-width: 150px) 100vw, 150px\" \/><br><a href=\"https:\/\/feuerwehr-hammah.de\/images\/images\/fahrzeug\/lfneu\/Dach2.jpg\"><\/a><\/td><\/tr><\/tbody><\/table><\/figure>\n","protected":false},"excerpt":{"rendered":"<p>Fahrzeugtyp LF 10\/6 Allrad &#8211; DIN 14530 Funkrufname Florian Stade 35-45-6 Fahrgestell Mercedes Benz &#8211; Atego Aufbau Schlingmann Baujahr 2007&hellip;<\/p>\n","protected":false},"author":1,"featured_media":0,"parent":0,"menu_order":0,"comment_status":"closed","ping_status":"closed","template":"","meta":{"footnotes":""},"class_list":["post-104","page","type-page","status-publish","hentry"],"_links":{"self":[{"href":"https:\/\/feuerwehr-hammah.de\/index.php?rest_route=\/wp\/v2\/pages\/104","targetHints":{"allow":["GET"]}}],"collection":[{"href":"https:\/\/feuerwehr-hammah.de\/index.php?rest_route=\/wp\/v2\/pages"}],"about":[{"href":"https:\/\/feuerwehr-hammah.de\/index.php?rest_route=\/wp\/v2\/types\/page"}],"author":[{"embeddable":true,"href":"https:\/\/feuerwehr-hammah.de\/index.php?rest_route=\/wp\/v2\/users\/1"}],"replies":[{"embeddable":true,"href":"https:\/\/feuerwehr-hammah.de\/index.php?rest_route=%2Fwp%2Fv2%2Fcomments&post=104"}],"version-history":[{"count":6,"href":"https:\/\/feuerwehr-hammah.de\/index.php?rest_route=\/wp\/v2\/pages\/104\/revisions"}],"predecessor-version":[{"id":266,"href":"https:\/\/feuerwehr-hammah.de\/index.php?rest_route=\/wp\/v2\/pages\/104\/revisions\/266"}],"wp:attachment":[{"href":"https:\/\/feuerwehr-hammah.de\/index.php?rest_route=%2Fwp%2Fv2%2Fmedia&parent=104"}],"curies":[{"name":"wp","href":"https:\/\/api.w.org\/{rel}","templated":true}]}}