{"id":1049,"date":"2026-01-07T11:09:38","date_gmt":"2026-01-07T10:09:38","guid":{"rendered":"https:\/\/feuerwehr-hammah.de\/?page_id=1049"},"modified":"2026-01-07T11:11:41","modified_gmt":"2026-01-07T10:11:41","slug":"einsaetze-2026","status":"publish","type":"page","link":"https:\/\/feuerwehr-hammah.de\/?page_id=1049","title":{"rendered":"Eins\u00e4tze 2026"},"content":{"rendered":"\n<p>Um direkt zu Berichten \u00e4lterer Eins\u00e4tzen zu gelangen, bitte auf die folgenden Links klicken:<\/p>\n\n\n\n<a href=\"https:\/\/feuerwehr-hammah.de\/?post_type=einsatz&#038;year=2026\" aria-current=\"page\"><strong>2026<\/strong><\/a> | <a href=\"https:\/\/feuerwehr-hammah.de\/?post_type=einsatz&#038;year=2025\">2025<\/a> | <a href=\"https:\/\/feuerwehr-hammah.de\/?post_type=einsatz&#038;year=2024\">2024<\/a> | <a href=\"https:\/\/feuerwehr-hammah.de\/?post_type=einsatz&#038;year=2023\">2023<\/a> | <a href=\"https:\/\/feuerwehr-hammah.de\/?post_type=einsatz&#038;year=2022\">2022<\/a> | <a href=\"https:\/\/feuerwehr-hammah.de\/?post_type=einsatz&#038;year=2021\">2021<\/a> | <a href=\"https:\/\/feuerwehr-hammah.de\/?post_type=einsatz&#038;year=2020\">2020<\/a>\n\n\n\n<hr class=\"wp-block-separator has-alpha-channel-opacity\"\/>\n\n\n\n<h2>Eins\u00e4tze 2026<\/h2><table class=\"einsatzverwaltung-reportlist\"><tbody><tr class=\"einsatz-title-month\"><td colspan=\"7\">Januar<\/td><\/tr><tr class=\"einsatz-header\"><th style=\"white-space: nowrap;\">Nummer<\/th><th style=\"white-space: nowrap;\">Datum<\/th><th style=\"white-space: nowrap;\">Uhrzeit<\/th><th style=\"\">Einsatzort<\/th><th style=\"\">Einsatzart<\/th><th style=\"\">Einsatzmeldung<\/th><th style=\"\"><\/th><\/tr><tr class=\"report\"><td class=\"smallscreen\" colspan=\"7\" data-permalink=\"https:\/\/feuerwehr-hammah.de\/?einsatz=feuer-2-brennt-landwirtschaftliche-maschine\"><div class=\"annotation-icon-bar\"><i class=\"fa-solid fa-camera\" aria-hidden=\"true\" title=\"Bericht enth\u00e4lt keine Bilder\" style=\"color: #bbb;\"><\/i><\/div><span class=\"einsatz-number\"><strong>Nummer:<\/strong> 2026\/002<\/span><br><span class=\"einsatz-date\"><strong>Datum:<\/strong> 03.01.2026<\/span><br><span class=\"einsatz-time\"><strong>Uhrzeit:<\/strong> 15:29<\/span><br><span class=\"einsatz-location\"><strong>Einsatzort:<\/strong> 21714 Hammah<\/span><br><span class=\"einsatz-incidentType\"><strong>Einsatzart:<\/strong> &nbsp;<\/span><br><span class=\"einsatz-title\"><strong>Einsatzmeldung:<\/strong> <a href=\"https:\/\/feuerwehr-hammah.de\/?einsatz=feuer-2-brennt-landwirtschaftliche-maschine\" rel=\"bookmark\">Feuer 2 &#8211; Brennt landwirtschaftliche Maschine<\/a><\/span><br><\/td><td class=\"einsatz-column-number\">2026\/002<\/td><td class=\"einsatz-column-date\">03.01.2026<\/td><td class=\"einsatz-column-time\">15:29<\/td><td class=\"einsatz-column-location\">21714 Hammah<\/td><td class=\"einsatz-column-incidentType\">&nbsp;<\/td><td class=\"einsatz-column-title\"><a href=\"https:\/\/feuerwehr-hammah.de\/?einsatz=feuer-2-brennt-landwirtschaftliche-maschine\" rel=\"bookmark\">Feuer 2 &#8211; Brennt landwirtschaftliche Maschine<\/a><\/td><td class=\"einsatz-column-annotationImages\"><i class=\"fa-solid fa-camera\" aria-hidden=\"true\" title=\"Bericht enth\u00e4lt keine Bilder\" style=\"color: #bbb;\"><\/i><\/td><\/tr><tr class=\"report\"><td class=\"smallscreen\" colspan=\"7\" data-permalink=\"https:\/\/feuerwehr-hammah.de\/?einsatz=th-klein-baum-auf-strasse-3\"><div class=\"annotation-icon-bar\"><i class=\"fa-solid fa-camera\" aria-hidden=\"true\" title=\"Bericht enth\u00e4lt Bilder\" style=\"\"><\/i><\/div><span class=\"einsatz-number\"><strong>Nummer:<\/strong> 2026\/001<\/span><br><span class=\"einsatz-date\"><strong>Datum:<\/strong> 01.01.2026<\/span><br><span class=\"einsatz-time\"><strong>Uhrzeit:<\/strong> 09:55<\/span><br><span class=\"einsatz-location\"><strong>Einsatzort:<\/strong> 21714 Hammah<\/span><br><span class=\"einsatz-incidentType\"><strong>Einsatzart:<\/strong> Technische Hilfeleistung - Sturm<\/span><br><span class=\"einsatz-title\"><strong>Einsatzmeldung:<\/strong> <a href=\"https:\/\/feuerwehr-hammah.de\/?einsatz=th-klein-baum-auf-strasse-3\" rel=\"bookmark\">TH klein Baum auf Stra\u00dfe<\/a><\/span><br><\/td><td class=\"einsatz-column-number\">2026\/001<\/td><td class=\"einsatz-column-date\">01.01.2026<\/td><td class=\"einsatz-column-time\">09:55<\/td><td class=\"einsatz-column-location\">21714 Hammah<\/td><td class=\"einsatz-column-incidentType\">Technische Hilfeleistung - Sturm<\/td><td class=\"einsatz-column-title\"><a href=\"https:\/\/feuerwehr-hammah.de\/?einsatz=th-klein-baum-auf-strasse-3\" rel=\"bookmark\">TH klein Baum auf Stra\u00dfe<\/a><\/td><td class=\"einsatz-column-annotationImages\"><i class=\"fa-solid fa-camera\" aria-hidden=\"true\" title=\"Bericht enth\u00e4lt Bilder\" style=\"\"><\/i><\/td><\/tr><\/tbody><\/table>\n\n\n\n<hr class=\"wp-block-separator has-alpha-channel-opacity\"\/>\n\n\n\n<p><strong>Gesamtzahl Eins\u00e4tze in 2026: 2<br><\/strong><br>Aufgeteilt in :<br><br>&#8211; Alarm\u00fcbungen: 0<br>&#8211; Feuer Brandmeldeanlage: 0<br>&#8211; Feuer Brandmeldeanlage Fehlalarm: 0<br>&#8211; Feuer Fahrzeugbrand: 0<br>&#8211; Feuer Fl\u00e4chenbrand: 0<br>&#8211; Feuer Geb\u00e4udebrand: 0<br>&#8211; Feuer Sonstiges: 0<br>&#8211; Notfalleinsatz Erste Hilfe: 0<br>&#8211; Sicherheitswache: 0<br>&#8211; Technische Hilfeleistung &#8211; Amtshilfe: 0<br>&#8211; Technische Hilfeleistung &#8211; Bahn : 0<br>&#8211; Technische Hilfeleistung &#8211; Gas: 0<br>&#8211; Technische Hilfeleistung &#8211; \u00d6lspur: 0<br>&#8211; Technische Hilfeleistung &#8211; Personensuche: 0<br>&#8211; Technische Hilfeleistung &#8211; Sturm: 1<br>&#8211; Technische Hilfeleistung &#8211; Verkehrsunfall: 0<br>&#8211; Technische Hilfeleistung &#8211; Wasser: 0<br>&#8211; Umzugsbegleitung: 0<\/p>\n","protected":false},"excerpt":{"rendered":"<p>Um direkt zu Berichten \u00e4lterer Eins\u00e4tzen zu gelangen, bitte auf die folgenden Links klicken: Gesamtzahl Eins\u00e4tze in 2026: Aufgeteilt in&hellip;<\/p>\n","protected":false},"author":1,"featured_media":0,"parent":36,"menu_order":0,"comment_status":"closed","ping_status":"closed","template":"","meta":{"footnotes":""},"class_list":["post-1049","page","type-page","status-publish","hentry"],"_links":{"self":[{"href":"https:\/\/feuerwehr-hammah.de\/index.php?rest_route=\/wp\/v2\/pages\/1049","targetHints":{"allow":["GET"]}}],"collection":[{"href":"https:\/\/feuerwehr-hammah.de\/index.php?rest_route=\/wp\/v2\/pages"}],"about":[{"href":"https:\/\/feuerwehr-hammah.de\/index.php?rest_route=\/wp\/v2\/types\/page"}],"author":[{"embeddable":true,"href":"https:\/\/feuerwehr-hammah.de\/index.php?rest_route=\/wp\/v2\/users\/1"}],"replies":[{"embeddable":true,"href":"https:\/\/feuerwehr-hammah.de\/index.php?rest_route=%2Fwp%2Fv2%2Fcomments&post=1049"}],"version-history":[{"count":1,"href":"https:\/\/feuerwehr-hammah.de\/index.php?rest_route=\/wp\/v2\/pages\/1049\/revisions"}],"predecessor-version":[{"id":1050,"href":"https:\/\/feuerwehr-hammah.de\/index.php?rest_route=\/wp\/v2\/pages\/1049\/revisions\/1050"}],"up":[{"embeddable":true,"href":"https:\/\/feuerwehr-hammah.de\/index.php?rest_route=\/wp\/v2\/pages\/36"}],"wp:attachment":[{"href":"https:\/\/feuerwehr-hammah.de\/index.php?rest_route=%2Fwp%2Fv2%2Fmedia&parent=1049"}],"curies":[{"name":"wp","href":"https:\/\/api.w.org\/{rel}","templated":true}]}}