{"id":105,"date":"2020-01-16T13:34:18","date_gmt":"2020-01-16T13:34:18","guid":{"rendered":"http:\/\/wordpress.feuerwehr-hammah.de\/?page_id=105"},"modified":"2023-01-14T15:35:14","modified_gmt":"2023-01-14T14:35:14","slug":"mtw","status":"publish","type":"page","link":"https:\/\/feuerwehr-hammah.de\/?page_id=105","title":{"rendered":"MTW"},"content":{"rendered":"\n<p>Am 1. Oktober 2016 konnte die Freiwillige Feuerwehr Hammah ihren neuen Mannschaftstransportwagen, kurz MTW, in Empfang nehmen. Das rund 31.000 Euro teure Fahrzeug ersetzt einen alten Ford Transit, welcher bereits im Sommer aus technischen Gr\u00fcnden abgestellt werden musste.<\/p>\n\n\n\n<p>In \u00fcber 500 Stunden Eigenleistung beklebten einige Mitglieder der Feuerwehr Hammah das Fahrzeug mit einer roten sowie reflektierenden gelben Warnfolie. Au\u00dferdem erhielt der neue Ford noch seine feuerwehrtechnische Beladung und wurde mit einer Sondersignalanlage ausgestattet. Nun soll das neue Fahrzeug, dessen Funkrufname Florian Stade 35-17-6 lautet, durch die Jugendfeuerwehr Hammah genutzt werden. Die Jugendfeuerwehr, oder kurz JF, in Hammah besteht zurzeit aus 14 Jugendlichen und nutzt das Fahrzeug nicht nur um zu den \u00dcbungsdiensten zu fahren, sondern auch um die Freizeitaktivit\u00e4ten der Mitglieder zu erreichen. F\u00fcr die aktiven Einsatzkr\u00e4fte steht der Wagen ebenfalls zur Verf\u00fcgung und kann f\u00fcr Fahrten zur Ausbildung oder bei Eins\u00e4tzen zum Transport der Mannschaft genutzt werden.<\/p>\n\n\n\n<p>Die Summe f\u00fcr die Anschaffung von 31.000 Euro teilen sich die Samtgemeinde Oldendorf-Himmelpforten, die Gemeinde Hammah und \u00f6rtliche Betriebe aus Hammah und Umgebung. Am 1. Oktober nun wurde der echte Fahrzeugschl\u00fcssel zuerst vom Samtgemeindeb\u00fcrgermeister Holger Falcke an den Samtgemeindebrandmeister Rolf Jarck \u00fcbergeben, welcher ihn auch sofort an Hammahs Ortsbrandmeister Dennis Jednat weitergab. Als letzter erhielt der Jugendfeuerwehrwart Heiko Gebers den Schl\u00fcssel, damit er zuk\u00fcnftig seine Sch\u00fctzlinge transportieren kann. Gebers bedankte sich bei allen Stiftern, Rat und G\u00e4sten und besonders bei \u201eden Ehefrauen und Partner der Betreuer\u201c.<\/p>\n\n\n\n<p>Nach der offiziellen Schl\u00fcssel\u00fcbergabe, zu der neben den aktiven Kameraden der Feuerwehr und Jugendfeuerwehr auch zahlreiche G\u00e4ste aus dem Ort erschienen waren, zeigte die Jugend einmal was in ihr steckt und demonstrierte einen L\u00f6schangriff. Dazu gab es an diesem Tag ein sehr umfangreiches Kaffee und Tortenbuffet, welches von den Frauen der Feuerwehrm\u00e4nner betreut wurde.<\/p>\n\n\n\n<figure class=\"wp-block-image size-full\"><img loading=\"lazy\" decoding=\"async\" width=\"1024\" height=\"804\" src=\"https:\/\/feuerwehr-hammah.de\/wp-content\/uploads\/2023\/01\/01-1.jpg\" alt=\"\" class=\"wp-image-267\" srcset=\"https:\/\/feuerwehr-hammah.de\/wp-content\/uploads\/2023\/01\/01-1.jpg 1024w, https:\/\/feuerwehr-hammah.de\/wp-content\/uploads\/2023\/01\/01-1-300x236.jpg 300w, https:\/\/feuerwehr-hammah.de\/wp-content\/uploads\/2023\/01\/01-1-768x603.jpg 768w\" sizes=\"auto, (max-width: 1024px) 100vw, 1024px\" \/><\/figure>\n","protected":false},"excerpt":{"rendered":"<p>Am 1. Oktober 2016 konnte die Freiwillige Feuerwehr Hammah ihren neuen Mannschaftstransportwagen, kurz MTW, in Empfang nehmen. Das rund 31.000&hellip;<\/p>\n","protected":false},"author":1,"featured_media":0,"parent":0,"menu_order":0,"comment_status":"closed","ping_status":"closed","template":"","meta":{"footnotes":""},"class_list":["post-105","page","type-page","status-publish","hentry"],"_links":{"self":[{"href":"https:\/\/feuerwehr-hammah.de\/index.php?rest_route=\/wp\/v2\/pages\/105","targetHints":{"allow":["GET"]}}],"collection":[{"href":"https:\/\/feuerwehr-hammah.de\/index.php?rest_route=\/wp\/v2\/pages"}],"about":[{"href":"https:\/\/feuerwehr-hammah.de\/index.php?rest_route=\/wp\/v2\/types\/page"}],"author":[{"embeddable":true,"href":"https:\/\/feuerwehr-hammah.de\/index.php?rest_route=\/wp\/v2\/users\/1"}],"replies":[{"embeddable":true,"href":"https:\/\/feuerwehr-hammah.de\/index.php?rest_route=%2Fwp%2Fv2%2Fcomments&post=105"}],"version-history":[{"count":3,"href":"https:\/\/feuerwehr-hammah.de\/index.php?rest_route=\/wp\/v2\/pages\/105\/revisions"}],"predecessor-version":[{"id":269,"href":"https:\/\/feuerwehr-hammah.de\/index.php?rest_route=\/wp\/v2\/pages\/105\/revisions\/269"}],"wp:attachment":[{"href":"https:\/\/feuerwehr-hammah.de\/index.php?rest_route=%2Fwp%2Fv2%2Fmedia&parent=105"}],"curies":[{"name":"wp","href":"https:\/\/api.w.org\/{rel}","templated":true}]}}