{"id":283,"date":"2023-01-14T16:31:08","date_gmt":"2023-01-14T15:31:08","guid":{"rendered":"http:\/\/wordpress.feuerwehr-hammah.de\/?page_id=283"},"modified":"2025-05-18T15:41:15","modified_gmt":"2025-05-18T14:41:15","slug":"herzlich-willkommen-auf-den-internetseiten-der-freiwilligen-feuerwehr-hammah","status":"publish","type":"page","link":"https:\/\/feuerwehr-hammah.de\/","title":{"rendered":"<strong>Herzlich Willkommen auf den Internetseiten der Freiwilligen Feuerwehr Hammah!<\/strong>"},"content":{"rendered":"\n<p>Auf den folgenden Seiten m\u00f6chten wir Ihnen einen kleinen Einblick in unsere Arbeit geben.<\/p>\n\n\n\n<figure class=\"wp-block-image size-large\"><img loading=\"lazy\" decoding=\"async\" width=\"1024\" height=\"697\" src=\"https:\/\/feuerwehr-hammah.de\/wp-content\/uploads\/2023\/01\/02-2-1024x697.jpg\" alt=\"\" class=\"wp-image-284\" srcset=\"https:\/\/feuerwehr-hammah.de\/wp-content\/uploads\/2023\/01\/02-2-1024x697.jpg 1024w, https:\/\/feuerwehr-hammah.de\/wp-content\/uploads\/2023\/01\/02-2-300x204.jpg 300w, https:\/\/feuerwehr-hammah.de\/wp-content\/uploads\/2023\/01\/02-2-768x523.jpg 768w, https:\/\/feuerwehr-hammah.de\/wp-content\/uploads\/2023\/01\/02-2.jpg 1436w\" sizes=\"auto, (max-width: 1024px) 100vw, 1024px\" \/><\/figure>\n\n\n\n<div style=\"height:25px\" aria-hidden=\"true\" class=\"wp-block-spacer\"><\/div>\n\n\n\n<hr class=\"wp-block-separator aligncenter has-text-color has-alpha-channel-opacity has-background is-style-default\" style=\"background-color:#00aff2;color:#00aff2\"\/>\n\n\n<ul class=\"wp-block-latest-posts__list wp-block-latest-posts\"><li><a class=\"wp-block-latest-posts__post-title\" href=\"https:\/\/feuerwehr-hammah.de\/?p=998\">Absperrk\u00f6nig 2025<\/a><div class=\"wp-block-latest-posts__post-excerpt\">Am Sonntagmorgen des Hammaher Sch\u00fctzenfests wird traditionell der Absperrk\u00f6nig ausgeschossen. Der scheidende K\u00f6nig Christian F\u00e4th \u00fcbergab die K\u00f6nigskette an Eike&hellip;<\/div><\/li>\n<\/ul>\n\n\n<p><\/p>\n","protected":false},"excerpt":{"rendered":"<p>Auf den folgenden Seiten m\u00f6chten wir Ihnen einen kleinen Einblick in unsere Arbeit geben.<\/p>\n","protected":false},"author":1,"featured_media":0,"parent":0,"menu_order":0,"comment_status":"closed","ping_status":"closed","template":"","meta":{"footnotes":""},"class_list":["post-283","page","type-page","status-publish","hentry"],"_links":{"self":[{"href":"https:\/\/feuerwehr-hammah.de\/index.php?rest_route=\/wp\/v2\/pages\/283","targetHints":{"allow":["GET"]}}],"collection":[{"href":"https:\/\/feuerwehr-hammah.de\/index.php?rest_route=\/wp\/v2\/pages"}],"about":[{"href":"https:\/\/feuerwehr-hammah.de\/index.php?rest_route=\/wp\/v2\/types\/page"}],"author":[{"embeddable":true,"href":"https:\/\/feuerwehr-hammah.de\/index.php?rest_route=\/wp\/v2\/users\/1"}],"replies":[{"embeddable":true,"href":"https:\/\/feuerwehr-hammah.de\/index.php?rest_route=%2Fwp%2Fv2%2Fcomments&post=283"}],"version-history":[{"count":12,"href":"https:\/\/feuerwehr-hammah.de\/index.php?rest_route=\/wp\/v2\/pages\/283\/revisions"}],"predecessor-version":[{"id":1008,"href":"https:\/\/feuerwehr-hammah.de\/index.php?rest_route=\/wp\/v2\/pages\/283\/revisions\/1008"}],"wp:attachment":[{"href":"https:\/\/feuerwehr-hammah.de\/index.php?rest_route=%2Fwp%2Fv2%2Fmedia&parent=283"}],"curies":[{"name":"wp","href":"https:\/\/api.w.org\/{rel}","templated":true}]}}