{"id":32,"date":"2020-01-16T10:15:00","date_gmt":"2020-01-16T10:15:00","guid":{"rendered":"http:\/\/wordpress.feuerwehr-hammah.de\/?page_id=32"},"modified":"2023-04-23T12:19:51","modified_gmt":"2023-04-23T11:19:51","slug":"foerderverein","status":"publish","type":"page","link":"https:\/\/feuerwehr-hammah.de\/?page_id=32","title":{"rendered":"F\u00f6rderverein"},"content":{"rendered":"\n<p><strong>F\u00f6rderverein der Freiwilligen Feuerwehr Hammah e.V.<\/strong><\/p>\n\n\n\n<p>Vorsitzender Dennis Jednat<\/p>\n\n\n\n<p>Forlinger Heide 9<br>21714 Hammah<br><br>E-Mail:&nbsp;<a href=\"mailto:foerderverein@feuerwehr-hammah.de\">foerderverein@feuerwehr-hammah.de<\/a><\/p>\n\n\n\n<p><strong>Warum gibt es einen F\u00f6rderverein?<\/strong><\/p>\n\n\n\n<p>Der Feuerwehrbedarfsplan ist die Grundlage f\u00fcr die finanzielle Ausstattung der Freiwilligen Feuerwehr Hammah. Jedoch gibt es h\u00e4ufig Zusatzbedarf an Ausbildung oder Beschaffungen. Daher unterh\u00e4lt die Freiwillige Feuerwehr Hammah einen F\u00f6rderverein, der die Deckung solcher zus\u00e4tzlichen Bedarfe unterst\u00fctzt. Der F\u00f6rderverein sammelt Mittel durch Mitgliedschaften und\/oder Spenden.<\/p>\n\n\n\n<p><strong>Wie kann ich helfen?<\/strong><\/p>\n\n\n\n<p>Der F\u00f6rderverein bietet Ihnen die M\u00f6glichkeit, Mitglied zu werden und einen geringen Beitrag zu zahlen oder Einzelspenden gegen eine Spendenbescheinigung zu leisten.<\/p>\n\n\n\n<p><\/p>\n\n\n\n<p><strong>Wie werde ich Mitglied?<\/strong><\/p>\n\n\n\n<p><a href=\"https:\/\/feuerwehr-hammah.de\/wp-content\/uploads\/2023\/01\/Foerderverein.pdf\" target=\"_blank\" rel=\"noreferrer noopener\">Mitgliedsantrag downloaden<\/a>&nbsp;und ausgef\u00fcllt an den F\u00f6rderverein senden.<\/p>\n\n\n\n<figure class=\"wp-block-image\"><a href=\"https:\/\/feuerwehr-hammah.de\/wp-content\/uploads\/2023\/01\/Foerderverein.pdf\" target=\"_blank\" rel=\"noreferrer noopener\"><img decoding=\"async\" src=\"https:\/\/feuerwehr-hammah.de\/images\/images\/symbol\/adobe.jpg\" alt=\"\"\/><\/a><\/figure>\n\n\n\n<p>Spendenbescheinigungen k\u00f6nnen angefordert werden.<\/p>\n\n\n\n<p><strong>Haben Sie Fragen zum F\u00f6rderverein?<\/strong><\/p>\n\n\n\n<p>Wenden Sie sich bitte an den Vorstand des Vereins.<\/p>\n","protected":false},"excerpt":{"rendered":"<p>F\u00f6rderverein der Freiwilligen Feuerwehr Hammah e.V. Vorsitzender Dennis Jednat Forlinger Heide 921714 Hammah E-Mail:&nbsp;foerderverein@feuerwehr-hammah.de Warum gibt es einen F\u00f6rderverein? Der&hellip;<\/p>\n","protected":false},"author":1,"featured_media":0,"parent":0,"menu_order":0,"comment_status":"closed","ping_status":"closed","template":"","meta":{"footnotes":""},"class_list":["post-32","page","type-page","status-publish","hentry"],"_links":{"self":[{"href":"https:\/\/feuerwehr-hammah.de\/index.php?rest_route=\/wp\/v2\/pages\/32","targetHints":{"allow":["GET"]}}],"collection":[{"href":"https:\/\/feuerwehr-hammah.de\/index.php?rest_route=\/wp\/v2\/pages"}],"about":[{"href":"https:\/\/feuerwehr-hammah.de\/index.php?rest_route=\/wp\/v2\/types\/page"}],"author":[{"embeddable":true,"href":"https:\/\/feuerwehr-hammah.de\/index.php?rest_route=\/wp\/v2\/users\/1"}],"replies":[{"embeddable":true,"href":"https:\/\/feuerwehr-hammah.de\/index.php?rest_route=%2Fwp%2Fv2%2Fcomments&post=32"}],"version-history":[{"count":7,"href":"https:\/\/feuerwehr-hammah.de\/index.php?rest_route=\/wp\/v2\/pages\/32\/revisions"}],"predecessor-version":[{"id":547,"href":"https:\/\/feuerwehr-hammah.de\/index.php?rest_route=\/wp\/v2\/pages\/32\/revisions\/547"}],"wp:attachment":[{"href":"https:\/\/feuerwehr-hammah.de\/index.php?rest_route=%2Fwp%2Fv2%2Fmedia&parent=32"}],"curies":[{"name":"wp","href":"https:\/\/api.w.org\/{rel}","templated":true}]}}