{"id":33,"date":"2020-01-16T10:15:00","date_gmt":"2020-01-16T10:15:00","guid":{"rendered":"http:\/\/wordpress.feuerwehr-hammah.de\/?page_id=33"},"modified":"2026-01-14T13:19:57","modified_gmt":"2026-01-14T12:19:57","slug":"jugendfeuerwehr","status":"publish","type":"page","link":"https:\/\/feuerwehr-hammah.de\/?page_id=33","title":{"rendered":"Jugendfeuerwehr"},"content":{"rendered":"\n<p>Die Jugendfeuerwehr ist die Jugendgruppe der Freiwilligen Feuerwehren der Gemeinde Hammah. Mitmachen k\u00f6nnen Kinder im Alter von 10 bis 16 Jahren aus den Orten Hammah, D\u00fcdenb\u00fcttel, Gro\u00df-Sterneberg und Mittelsdorf. Du bist interessiert? Dann wende dich an die zust\u00e4ndigen Personen oder schaue einfach an den \u00dcbungsdiensten im Feuerwehrger\u00e4tehaus vorbei.<\/p>\n\n\n\n<p>Wir treffen uns 14 t\u00e4gig Freitags um 17:30 Uhr zum \u00dcbungsdienst. In den Schulferien haben wir dienstfrei. Wir legen gro\u00dfen Wert auf eine regelm\u00e4\u00dfige Teilnahme. <\/p>\n\n\n\n<p>Der Jugendwart und seine Helfer f\u00fchren die Ausbildungen und \u00dcbungen durch und stehen mit Rat und Tat zur Seite.<\/p>\n\n\n\n<p>Die verschiedensten Themen:<\/p>\n\n\n\n<ul class=\"wp-block-list\">\n<li>Erste Hilfe<\/li>\n\n\n\n<li>Brandbek\u00e4mpfung und -verh\u00fctung<\/li>\n\n\n\n<li>Teilnahme an Wettk\u00e4mpfen<\/li>\n\n\n\n<li>Umweltschutz<\/li>\n\n\n\n<li>Zeltlager, Spieleabende<\/li>\n\n\n\n<li>Beteiligung am Osterfeuer und dem Weihnachtsmarkt in Hammah<\/li>\n\n\n\n<li>und vieles mehr<\/li>\n<\/ul>\n\n\n\n<p>Wir freuen uns auf deinen Besuch!<\/p>\n\n\n\n<p><\/p>\n\n\n\n<figure class=\"wp-block-table\"><table><tbody><tr><td class=\"has-text-align-center\" data-align=\"center\">Jugendwart<\/td><\/tr><tr><td class=\"has-text-align-center\" data-align=\"center\">Ingo Doll<\/td><\/tr><tr><td class=\"has-text-align-center\" data-align=\"center\"><img loading=\"lazy\" decoding=\"async\" width=\"300\" height=\"335\" class=\"wp-image-240\" style=\"width: 300px;\" src=\"https:\/\/feuerwehr-hammah.de\/wp-content\/uploads\/2023\/01\/idoll.jpg\" alt=\"\" srcset=\"https:\/\/feuerwehr-hammah.de\/wp-content\/uploads\/2023\/01\/idoll.jpg 534w, https:\/\/feuerwehr-hammah.de\/wp-content\/uploads\/2023\/01\/idoll-269x300.jpg 269w\" sizes=\"auto, (max-width: 300px) 100vw, 300px\" \/><\/td><\/tr><tr><td class=\"has-text-align-center\" data-align=\"center\"><a href=\"mailto:jugendwart@feuerwehr-hammah.de\">EMAIL<\/a><\/td><\/tr><\/tbody><\/table><\/figure>\n\n\n\n<p>Du kannst dir den Aufnahmeantrag und die Jugendordnung auch downloaden<br>und mit dem Adobe Reader lesen und ausdrucken:<\/p>\n\n\n\n<figure class=\"wp-block-table\"><table><tbody><tr><td class=\"has-text-align-center\" data-align=\"center\"><a href=\"https:\/\/feuerwehr-hammah.de\/wp-content\/uploads\/2023\/01\/Aufnahmeantrag_JF_und_KF.pdf\" target=\"_blank\" rel=\"noreferrer noopener\">Aufnahmeantrag Download<\/a><\/td><td class=\"has-text-align-center\" data-align=\"center\"><a href=\"https:\/\/feuerwehr-hammah.de\/wp-content\/uploads\/2023\/01\/jugendordnung.pdf\" target=\"_blank\" rel=\"noreferrer noopener\">Jugendordnung<\/a><\/td><td class=\"has-text-align-center\" data-align=\"center\"><a href=\"https:\/\/get.adobe.com\/de\/reader\/\" target=\"_blank\" rel=\"noreferrer noopener\">Adobe Reader Download<\/a><\/td><\/tr><tr><td class=\"has-text-align-center\" data-align=\"center\"><a href=\"https:\/\/feuerwehr-hammah.de\/wp-content\/uploads\/2023\/01\/Aufnahmeantrag_JF_und_KF.pdf\" target=\"_blank\" rel=\"noreferrer noopener\"><img loading=\"lazy\" decoding=\"async\" width=\"149\" height=\"150\" class=\"wp-image-327\" style=\"width: 149px;\" src=\"https:\/\/feuerwehr-hammah.de\/wp-content\/uploads\/2023\/01\/adobe.jpg\" alt=\"\"><\/a><a rel=\"noreferrer noopener\" href=\"https:\/\/feuerwehr-hammah.de\/images\/images\/docs\/Aufnahmeantrag_JF_und_KF.pdf\" target=\"_blank\"><\/a><\/td><td class=\"has-text-align-center\" data-align=\"center\"><a href=\"https:\/\/feuerwehr-hammah.de\/wp-content\/uploads\/2023\/01\/jugendordnung.pdf\" target=\"_blank\" rel=\"noreferrer noopener\"><img loading=\"lazy\" decoding=\"async\" width=\"149\" height=\"150\" class=\"wp-image-327\" style=\"width: 149px;\" src=\"https:\/\/feuerwehr-hammah.de\/wp-content\/uploads\/2023\/01\/adobe.jpg\" alt=\"\"><\/a><a rel=\"noreferrer noopener\" href=\"https:\/\/feuerwehr-hammah.de\/images\/images\/docs\/jugendordnung.pdf\" target=\"_blank\"><\/a><\/td><td class=\"has-text-align-center\" data-align=\"center\"><a href=\"https:\/\/get.adobe.com\/de\/reader\/\" target=\"_blank\" rel=\"noreferrer noopener\"><img loading=\"lazy\" decoding=\"async\" width=\"149\" height=\"150\" class=\"wp-image-327\" style=\"width: 149px;\" src=\"https:\/\/feuerwehr-hammah.de\/wp-content\/uploads\/2023\/01\/adobe.jpg\" alt=\"\"><\/a><a rel=\"noreferrer noopener\" href=\"https:\/\/get.adobe.com\/de\/reader\/\" target=\"_blank\"><\/a><\/td><\/tr><\/tbody><\/table><\/figure>\n\n\n\n<p><\/p>\n","protected":false},"excerpt":{"rendered":"<p>Die Jugendfeuerwehr ist die Jugendgruppe der Freiwilligen Feuerwehren der Gemeinde Hammah. Mitmachen k\u00f6nnen Kinder im Alter von 10 bis 16&hellip;<\/p>\n","protected":false},"author":1,"featured_media":0,"parent":0,"menu_order":0,"comment_status":"closed","ping_status":"closed","template":"","meta":{"footnotes":""},"class_list":["post-33","page","type-page","status-publish","hentry"],"_links":{"self":[{"href":"https:\/\/feuerwehr-hammah.de\/index.php?rest_route=\/wp\/v2\/pages\/33","targetHints":{"allow":["GET"]}}],"collection":[{"href":"https:\/\/feuerwehr-hammah.de\/index.php?rest_route=\/wp\/v2\/pages"}],"about":[{"href":"https:\/\/feuerwehr-hammah.de\/index.php?rest_route=\/wp\/v2\/types\/page"}],"author":[{"embeddable":true,"href":"https:\/\/feuerwehr-hammah.de\/index.php?rest_route=\/wp\/v2\/users\/1"}],"replies":[{"embeddable":true,"href":"https:\/\/feuerwehr-hammah.de\/index.php?rest_route=%2Fwp%2Fv2%2Fcomments&post=33"}],"version-history":[{"count":12,"href":"https:\/\/feuerwehr-hammah.de\/index.php?rest_route=\/wp\/v2\/pages\/33\/revisions"}],"predecessor-version":[{"id":1064,"href":"https:\/\/feuerwehr-hammah.de\/index.php?rest_route=\/wp\/v2\/pages\/33\/revisions\/1064"}],"wp:attachment":[{"href":"https:\/\/feuerwehr-hammah.de\/index.php?rest_route=%2Fwp%2Fv2%2Fmedia&parent=33"}],"curies":[{"name":"wp","href":"https:\/\/api.w.org\/{rel}","templated":true}]}}