{"id":64,"date":"2020-01-16T13:18:10","date_gmt":"2020-01-16T13:18:10","guid":{"rendered":"http:\/\/wordpress.feuerwehr-hammah.de\/?page_id=64"},"modified":"2026-02-09T13:47:28","modified_gmt":"2026-02-09T12:47:28","slug":"wehrfuehrung","status":"publish","type":"page","link":"https:\/\/feuerwehr-hammah.de\/?page_id=64","title":{"rendered":"Wehrf\u00fchrung"},"content":{"rendered":"\n<h1 class=\"wp-block-heading\"><\/h1>\n\n\n\n<p>Die Wehrf\u00fchrung der Hammaher Feuerwehr wird durch den Ortsbrandmeister und seinen Stellvertreter gebildet.<\/p>\n\n\n\n<p>Zu den Aufgaben des Ortsbrandmeisters geh\u00f6ren die Leitung der Feuerwehr Hammah und das Erstellen der Alarm- und Ausr\u00fcckeordnung. Er ist f\u00fcr die Einsatzbereitschaft der Gesamtwehr inklusive Ausr\u00fcstung und Fahrzeuge zust\u00e4ndig und ber\u00e4t die Gemeinde in Brandschutzfragen.<\/p>\n\n\n\n<p><\/p>\n\n\n\n<figure class=\"wp-block-table\"><table><tbody><tr><td class=\"has-text-align-center\" data-align=\"center\">Ortsbrandmeister<\/td><td class=\"has-text-align-center\" data-align=\"center\">stellvertretender Ortsbrandmeister<\/td><\/tr><tr><td class=\"has-text-align-center\" data-align=\"center\">Dennis Jednat<\/td><td class=\"has-text-align-center\" data-align=\"center\">Christian Markau<\/td><\/tr><tr><td class=\"has-text-align-center\" data-align=\"center\"><img decoding=\"async\" class=\"wp-image-218\" style=\"width: 300px;\" src=\"https:\/\/feuerwehr-hammah.de\/wp-content\/uploads\/2026\/01\/D_Jednat.jpg\" alt=\"\"><\/td><td class=\"has-text-align-center\" data-align=\"center\"><img decoding=\"async\" class=\"wp-image-218\" style=\"width: 340px;\" src=\"https:\/\/feuerwehr-hammah.de\/wp-content\/uploads\/2026\/01\/C_Markau.jpg\" alt=\"\"><\/td><\/tr><tr><td class=\"has-text-align-center\" data-align=\"center\"><a href=\"mailto:ortsbm@feuerwehr-hammah.de\" data-type=\"URL\">EMAIL<\/a><\/td><td class=\"has-text-align-center\" data-align=\"center\"><a href=\"mailto:stellv.ortsbm@feuerwehr-hammah.de\" data-type=\"mailto\" data-id=\"mailto:stellv.ortsbm@feuerwehr-hammah.de\">EMAIL<\/a><\/td><\/tr><\/tbody><\/table><\/figure>\n","protected":false},"excerpt":{"rendered":"<p>Die Wehrf\u00fchrung der Hammaher Feuerwehr wird durch den Ortsbrandmeister und seinen Stellvertreter gebildet. Zu den Aufgaben des Ortsbrandmeisters geh\u00f6ren die&hellip;<\/p>\n","protected":false},"author":1,"featured_media":0,"parent":0,"menu_order":0,"comment_status":"closed","ping_status":"closed","template":"","meta":{"footnotes":""},"class_list":["post-64","page","type-page","status-publish","hentry"],"_links":{"self":[{"href":"https:\/\/feuerwehr-hammah.de\/index.php?rest_route=\/wp\/v2\/pages\/64","targetHints":{"allow":["GET"]}}],"collection":[{"href":"https:\/\/feuerwehr-hammah.de\/index.php?rest_route=\/wp\/v2\/pages"}],"about":[{"href":"https:\/\/feuerwehr-hammah.de\/index.php?rest_route=\/wp\/v2\/types\/page"}],"author":[{"embeddable":true,"href":"https:\/\/feuerwehr-hammah.de\/index.php?rest_route=\/wp\/v2\/users\/1"}],"replies":[{"embeddable":true,"href":"https:\/\/feuerwehr-hammah.de\/index.php?rest_route=%2Fwp%2Fv2%2Fcomments&post=64"}],"version-history":[{"count":14,"href":"https:\/\/feuerwehr-hammah.de\/index.php?rest_route=\/wp\/v2\/pages\/64\/revisions"}],"predecessor-version":[{"id":1078,"href":"https:\/\/feuerwehr-hammah.de\/index.php?rest_route=\/wp\/v2\/pages\/64\/revisions\/1078"}],"wp:attachment":[{"href":"https:\/\/feuerwehr-hammah.de\/index.php?rest_route=%2Fwp%2Fv2%2Fmedia&parent=64"}],"curies":[{"name":"wp","href":"https:\/\/api.w.org\/{rel}","templated":true}]}}