{"id":68,"date":"2020-01-16T13:18:10","date_gmt":"2020-01-16T13:18:10","guid":{"rendered":"http:\/\/wordpress.feuerwehr-hammah.de\/?page_id=68"},"modified":"2025-05-18T14:53:29","modified_gmt":"2025-05-18T13:53:29","slug":"absperrkoenig","status":"publish","type":"page","link":"https:\/\/feuerwehr-hammah.de\/?page_id=68","title":{"rendered":"Absperrk\u00f6nig"},"content":{"rendered":"\n<p>W\u00e4hrend des Hammaher Sch\u00fctzenfestes schiessen die an der Umzugsbegleitung beteiligten Feuerwehrmitglieder ihren Absperr\u00f6nig aus. Hierzu im Folgenden einige Regeln und Daten.<\/p>\n\n\n\n<p><strong>SATZUNG ABSPERRK\u00d6NIG<\/strong><\/p>\n\n\n\n<p>1. Das Schie\u00dfen findet am Sonntag morgen nach dem Sch\u00fctzenfr\u00fchst\u00fcck statt, wobei der Sch\u00fctze mindestens an zwei Tagen mit abgesperrt haben mu\u00df.<\/p>\n\n\n\n<p>2. (Es werden 3 Schu\u00df abgegeben auf eine 50m entfernte Scheibe ( KK ).) <em>alte Regel<\/em><br>\u00c4nderung: 5 Schu\u00df mit Luftgewehr 10m Entfernung (Neuerung)<\/p>\n\n\n\n<p>3. Das Tragen der Uniformm\u00fctze beim Schie\u00dfen ist Pflicht.<\/p>\n\n\n\n<p>4. Ausschlaggebend ist die Gesamtringzahl und nicht die beste 10.<\/p>\n\n\n\n<p>5. Bei Ringgleichheit gilt der beste Schu\u00df.<\/p>\n\n\n\n<p>6. Das Kranzbinden findet am Dienstag vor dem Sch\u00fctzenfest beim regierenden Absperrk\u00f6nig statt.<\/p>\n\n\n\n<p>7. Die Kosten des Kranzbindens werden durch die anwesenden Kameraden geteilt.<\/p>\n\n\n\n<p>8. Die Kette des Absperrk\u00f6nigs wird jedes Jahr weitergegeben. Die Ketten\u00fcbergabe erfolgt am Sonntag, direkt im Anschlu\u00df an die Auswertung des Schie\u00dfens.<\/p>\n\n\n\n<p>9. Sollte kein Schu\u00df die Scheibe treffen, so ist eine Runde Getr\u00e4nke an die anwesenden Kameraden zu bezahlen.<\/p>\n\n\n\n<p>10. Der Absperrk\u00f6nig ist f\u00fcr die n\u00e4chsten 5 Jahre gesperrt, die Posten der Adjutanten sind weiterhin m\u00f6glich.<\/p>\n\n\n\n<p><br>Hammah, den 19.06.1995   Die Gr\u00fcndungsmitglieder<\/p>\n\n\n\n<p><\/p>\n\n\n\n<h2 class=\"wp-block-heading\">Die Liste der Gr\u00fcndungsmitglieder:<\/h2>\n\n\n\n<figure class=\"wp-block-table is-style-regular\"><table><tbody><tr><td>H.J. Rinck<\/td><td>S\u00f6nke Holst<\/td><td>Hartmut Elfers<\/td><td>Heiko Gebers<\/td><\/tr><tr><td>Heinrich Bammann<\/td><td>Hans Fuchs<\/td><td>K.H. Goo\u00dfen<\/td><td>Frank Helle<\/td><\/tr><tr><td>Matthias Goo\u00dfen<\/td><td>Harald Sch\u00fctt<\/td><td>Stefan Zollmer<\/td><td>Holger B\u00f6sch<\/td><\/tr><\/tbody><\/table><\/figure>\n\n\n\n<h2 class=\"wp-block-heading\">Liste der W\u00fcrdentr\u00e4ger<\/h2>\n\n\n\n<p>2025 Eike Goo\u00dfen<\/p>\n\n\n\n<p>2024 Christian F\u00e4th<\/p>\n\n\n\n<p>2023 Klaus Hinrich Goo\u00dfen<br><em>2020-2022 kein Sch\u00fctzenfest<\/em><br>2019 Kai Goo\u00dfen<br>2018 Jan St\u00fcven<br>2017 Heiko Gebers<br>2016 Torben Gebers<br>2015 Celina Hietschold<br>2014 Nils Eckhoff<br>2013 Dennis Jednat<br>2012 Kai Goo\u00dfen<br>2011<br>2010<br>2009<br>2008 Christian Markau<br>2007 Jens L\u00fchmann<br>2006 Frank Ruff<br>2005 Heiko Gebers<br>2004 Jan Schulze<br>2003 J\u00fcrgen Goo\u00dfen<br>2002 Norge Olsen<br>2001 Matthias Goo\u00dfen<br>2000 Sven Bammann<br>1999 Klaus Hinrich Goo\u00dfen<br>1998 Holger B\u00f6sch<br>1997 Frank Helle<br>1996 Dirk Schlichting<br>1995 Hans J\u00fcrgen Rinck<\/p>\n\n\n\n<figure class=\"wp-block-image size-full\"><img loading=\"lazy\" decoding=\"async\" width=\"742\" height=\"529\" src=\"https:\/\/feuerwehr-hammah.de\/wp-content\/uploads\/2023\/01\/kranz.jpg\" alt=\"\" class=\"wp-image-324\" srcset=\"https:\/\/feuerwehr-hammah.de\/wp-content\/uploads\/2023\/01\/kranz.jpg 742w, https:\/\/feuerwehr-hammah.de\/wp-content\/uploads\/2023\/01\/kranz-300x214.jpg 300w\" sizes=\"auto, (max-width: 742px) 100vw, 742px\" \/><\/figure>\n","protected":false},"excerpt":{"rendered":"<p>W\u00e4hrend des Hammaher Sch\u00fctzenfestes schiessen die an der Umzugsbegleitung beteiligten Feuerwehrmitglieder ihren Absperr\u00f6nig aus. Hierzu im Folgenden einige Regeln und&hellip;<\/p>\n","protected":false},"author":1,"featured_media":0,"parent":0,"menu_order":0,"comment_status":"closed","ping_status":"closed","template":"","meta":{"footnotes":""},"class_list":["post-68","page","type-page","status-publish","hentry"],"_links":{"self":[{"href":"https:\/\/feuerwehr-hammah.de\/index.php?rest_route=\/wp\/v2\/pages\/68","targetHints":{"allow":["GET"]}}],"collection":[{"href":"https:\/\/feuerwehr-hammah.de\/index.php?rest_route=\/wp\/v2\/pages"}],"about":[{"href":"https:\/\/feuerwehr-hammah.de\/index.php?rest_route=\/wp\/v2\/types\/page"}],"author":[{"embeddable":true,"href":"https:\/\/feuerwehr-hammah.de\/index.php?rest_route=\/wp\/v2\/users\/1"}],"replies":[{"embeddable":true,"href":"https:\/\/feuerwehr-hammah.de\/index.php?rest_route=%2Fwp%2Fv2%2Fcomments&post=68"}],"version-history":[{"count":9,"href":"https:\/\/feuerwehr-hammah.de\/index.php?rest_route=\/wp\/v2\/pages\/68\/revisions"}],"predecessor-version":[{"id":996,"href":"https:\/\/feuerwehr-hammah.de\/index.php?rest_route=\/wp\/v2\/pages\/68\/revisions\/996"}],"wp:attachment":[{"href":"https:\/\/feuerwehr-hammah.de\/index.php?rest_route=%2Fwp%2Fv2%2Fmedia&parent=68"}],"curies":[{"name":"wp","href":"https:\/\/api.w.org\/{rel}","templated":true}]}}