{"id":72,"date":"2020-01-16T13:18:10","date_gmt":"2020-01-16T13:18:10","guid":{"rendered":"http:\/\/wordpress.feuerwehr-hammah.de\/?page_id=72"},"modified":"2023-01-14T14:56:45","modified_gmt":"2023-01-14T13:56:45","slug":"atemschutz","status":"publish","type":"page","link":"https:\/\/feuerwehr-hammah.de\/?page_id=72","title":{"rendered":"Atemschutz"},"content":{"rendered":"\n<p>Die Brandbek\u00e4mpfung geh\u00f6rt zu den elementaren Aufgaben der Feuerwehren.<\/p>\n\n\n\n<p>Auch wenn Brandeins\u00e4tze nur noch einen geringen Anteil am Gesamteinsatzaufkommen ausmachen, so ist f\u00fcr diese gef\u00e4hrlichen Eins\u00e4tze eine spezielle Ausr\u00fcstung und Ausbildung der Einsatzkr\u00e4fte erforderlich. Gerade im Hinblick auf neue Bau- und Verbundstoffe, bei deren Verbrennung hochtoxische Brandgase entstehen, ist ein Einsatz ohne Atemschutz heutzutage nicht mehr denkbar.<\/p>\n\n\n\n<p>Daf\u00fcr sind in der Feuerwehr Hammah viele Feuerwehrmitglieder als Atemschutzger\u00e4tetr\u00e4ger ausgebildet, um im Brandfall eine Personenrettung bzw. einen Geb\u00e4ude-Innenangriff unter umluftunabh\u00e4ngigem Atemschutz durchzuf\u00fchren.<\/p>\n\n\n\n<p>Das\u00a0<a href=\"https:\/\/feuerwehr-hammah.de\/?page_id=104\">LF 10\/6 der Hammaher Feuerwehr<\/a>\u00a0ist hierzu mit 2 Atemschutzger\u00e4ten ausgestattet, die ein Ausr\u00fcsten der Feuerwehrkr\u00e4fte bereits auf der Anfahrt zur Einsatzstelle erm\u00f6glichen. Zwei zus\u00e4tzliche Ger\u00e4te befinden sich im Ger\u00e4teraum des Fahrzeugs.<\/p>\n\n\n\n<p>Zus\u00e4tzlich zu den jeweiligen Atemschutzger\u00e4ten f\u00fchrt ein Einsatztrupp (bestehend aus zwei Personen) immer zus\u00e4tzliche Sicherungsmaterialien, wie z. B. Feuerwehraxt, Sicherungsleinen, Funkger\u00e4t, Fluchthauben, einen mobilen Rauchverschluss und einen bereits wassergef\u00fcllten Schlauch mit sich.<\/p>\n\n\n\n<p>Die Einsatzdauer eines Atemschutztrupps betr\u00e4gt auf Grund der hohen Belastung und der begrenzten Atemluft in den Flaschen ca. 30 Minuten.<\/p>\n\n\n\n<p>Die Ausbildung der Feuerwehrleute erfolgt in einem speziellen Lehrgang mit theoretischer, vor allem aber auch praktischer Komponente. Hierbei werden realit\u00e4tsgetreue Brandsituationen u.a. in einem Brandsimulator und der Atemschutz\u00fcbungsstrecke durchgef\u00fchrt.<\/p>\n\n\n\n<p>Zus\u00e4tzlich haben einige Atemschutzger\u00e4tetr\u00e4ger einen Lehrgang &#8222;Gef\u00e4hrliche Stoffe&#8220; besucht und eignen sich somit als Tr\u00e4ger von Chemieschutzanz\u00fcgen.<\/p>\n\n\n\n<p>Zur \u00dcberpr\u00fcfung der extremen k\u00f6rperlichen Belastbarkeit m\u00fcssen alle Atemschutzger\u00e4tetr\u00e4ger regelm\u00e4\u00dfig zu einer speziellen medizinischen Untersuchung.<\/p>\n\n\n\n<p><a href=\"mailto:atemschutz@feuerwehr-hammah.de\">EMAIL an den Atemschutzbeauftragten<\/a><\/p>\n","protected":false},"excerpt":{"rendered":"<p>Die Brandbek\u00e4mpfung geh\u00f6rt zu den elementaren Aufgaben der Feuerwehren. Auch wenn Brandeins\u00e4tze nur noch einen geringen Anteil am Gesamteinsatzaufkommen ausmachen,&hellip;<\/p>\n","protected":false},"author":1,"featured_media":0,"parent":0,"menu_order":0,"comment_status":"closed","ping_status":"closed","template":"","meta":{"footnotes":""},"class_list":["post-72","page","type-page","status-publish","hentry"],"_links":{"self":[{"href":"https:\/\/feuerwehr-hammah.de\/index.php?rest_route=\/wp\/v2\/pages\/72","targetHints":{"allow":["GET"]}}],"collection":[{"href":"https:\/\/feuerwehr-hammah.de\/index.php?rest_route=\/wp\/v2\/pages"}],"about":[{"href":"https:\/\/feuerwehr-hammah.de\/index.php?rest_route=\/wp\/v2\/types\/page"}],"author":[{"embeddable":true,"href":"https:\/\/feuerwehr-hammah.de\/index.php?rest_route=\/wp\/v2\/users\/1"}],"replies":[{"embeddable":true,"href":"https:\/\/feuerwehr-hammah.de\/index.php?rest_route=%2Fwp%2Fv2%2Fcomments&post=72"}],"version-history":[{"count":2,"href":"https:\/\/feuerwehr-hammah.de\/index.php?rest_route=\/wp\/v2\/pages\/72\/revisions"}],"predecessor-version":[{"id":225,"href":"https:\/\/feuerwehr-hammah.de\/index.php?rest_route=\/wp\/v2\/pages\/72\/revisions\/225"}],"wp:attachment":[{"href":"https:\/\/feuerwehr-hammah.de\/index.php?rest_route=%2Fwp%2Fv2%2Fmedia&parent=72"}],"curies":[{"name":"wp","href":"https:\/\/api.w.org\/{rel}","templated":true}]}}